{"id":1266,"date":"2025-07-25T09:33:15","date_gmt":"2025-07-25T12:33:15","guid":{"rendered":"https:\/\/leonescruzdelsur.cl\/?page_id=1266"},"modified":"2025-08-08T19:55:06","modified_gmt":"2025-08-08T22:55:06","slug":"socios-activos-2","status":"publish","type":"page","link":"https:\/\/leonescruzdelsur.cl\/index.php\/socios-activos-2\/","title":{"rendered":"Socios Activos"},"content":{"rendered":"\n<p><strong>El Club de Leones Punta Arenas Cruz del Sur cuenta con un grupo humano de 33 socios, quienes d\u00eda a d\u00eda trabajan realizando diferentes servicios a la comunidad.<\/strong><\/p>\n\n\n\n<div class=\"wp-block-columns is-layout-flex wp-container-core-columns-is-layout-28f84493 wp-block-columns-is-layout-flex\">\n<div class=\"wp-block-column is-layout-flow wp-block-column-is-layout-flow\">\n<p>Maritza Aguayo P\u00e9rez<br>Nibaldo Enrique \u00c1lamos Cuevas<br>Susana Alasevic Pavlov<br>Francisco Barr\u00eda Barrientos<br>Gustavo Abel Bringas Jim\u00e9nez<br>H\u00e9ctor Cabrera Gonz\u00e1lez<br>Gast\u00f3n Humberto Carrasco Preller<br>Sylvia Castillo Latorre<br>Carmen Dom\u00ednguez P\u00e9rez<br>Magnolia Pilar Gallardo Legue<br>Sergio Marcelo Gallo Rosales<br>Luis Gonz\u00e1lez Veloso<br>Patricio Nolberto Guent\u00e9n Mill\u00e1n<br>Constanza Hern\u00e1ndez Castillo<br>Norma Jim\u00e9nez Osorio<br>Roxana Mancilla Mancilla<br>Claudia Jimena M\u00e1rquez C\u00e1rcamo<\/p>\n<\/div>\n\n\n\n<div class=\"wp-block-column is-layout-flow wp-block-column-is-layout-flow\">\n<p>Constanza Andrea Mart\u00ednez Villarroel<br>Hip\u00f3lito Ojeda Mena<br>Ruth Ort\u00edz Suazo<br>Mar\u00eda Teresa Oyarzo Torres<br>Mavis Leonor Oyarz\u00fan Miranda<br>Gladys Pichuncheo G\u00f3mez<br>Aliro Luis Quezada Vivar<br>Gloria Cecilia Ram\u00edrez Quezada<br>Sylvia S\u00e1nchez Quintul<br>Lucas Iv\u00e1n Tapia P\u00e9rez<br>Jorge Torres S\u00e1nchez<br>Javier Uribe Ojeda<br>Alejandro V\u00e1squez Servieri<br>Olga Patricia Vera Vargas<br>Ana Mabel Zapata Mancilla<br>Laura Z\u00e1rate Saleh<\/p>\n<\/div>\n<\/div>\n\n\n\n<figure class=\"wp-block-image aligncenter size-full has-custom-border\"><img data-recalc-dims=\"1\" fetchpriority=\"high\" decoding=\"async\" width=\"800\" height=\"533\" src=\"https:\/\/i0.wp.com\/leonescruzdelsur.cl\/wp-content\/uploads\/2025\/08\/Directorio-2025-2026-800-pixeles.fw_-1.png?resize=800%2C533&#038;ssl=1\" alt=\"\" class=\"wp-image-1504\" style=\"border-style:none;border-width:0px;border-radius:10px\" srcset=\"https:\/\/i0.wp.com\/leonescruzdelsur.cl\/wp-content\/uploads\/2025\/08\/Directorio-2025-2026-800-pixeles.fw_-1.png?w=800&amp;ssl=1 800w, https:\/\/i0.wp.com\/leonescruzdelsur.cl\/wp-content\/uploads\/2025\/08\/Directorio-2025-2026-800-pixeles.fw_-1.png?resize=768%2C512&amp;ssl=1 768w\" sizes=\"(max-width: 800px) 100vw, 800px\" \/><\/figure>\n\n\n\n<div class=\"wp-block-jetpack-slideshow aligncenter\" data-autoplay=\"true\" data-delay=\"3\" data-effect=\"fade\"><div class=\"wp-block-jetpack-slideshow_container swiper-container\"><ul class=\"wp-block-jetpack-slideshow_swiper-wrapper swiper-wrapper\"><li class=\"wp-block-jetpack-slideshow_slide swiper-slide\"><figure><img data-recalc-dims=\"1\" decoding=\"async\" width=\"799\" height=\"746\" alt=\"\" class=\"wp-block-jetpack-slideshow_image wp-image-1176\" data-id=\"1176\" src=\"https:\/\/i0.wp.com\/leonescruzdelsur.cl\/wp-content\/uploads\/2025\/07\/noviembre-tapitas-plasticas-1.jpg?resize=799%2C746&#038;ssl=1\" srcset=\"https:\/\/i0.wp.com\/leonescruzdelsur.cl\/wp-content\/uploads\/2025\/07\/noviembre-tapitas-plasticas-1.jpg?w=799&amp;ssl=1 799w, https:\/\/i0.wp.com\/leonescruzdelsur.cl\/wp-content\/uploads\/2025\/07\/noviembre-tapitas-plasticas-1.jpg?resize=768%2C717&amp;ssl=1 768w\" sizes=\"(max-width: 799px) 100vw, 799px\" \/><\/figure><\/li><li class=\"wp-block-jetpack-slideshow_slide swiper-slide\"><figure><img data-recalc-dims=\"1\" decoding=\"async\" width=\"800\" height=\"800\" alt=\"\" class=\"wp-block-jetpack-slideshow_image wp-image-1172\" data-id=\"1172\" src=\"https:\/\/i0.wp.com\/leonescruzdelsur.cl\/wp-content\/uploads\/2025\/07\/noviembre-entrega-canasta-3.jpg?resize=800%2C800&#038;ssl=1\" srcset=\"https:\/\/i0.wp.com\/leonescruzdelsur.cl\/wp-content\/uploads\/2025\/07\/noviembre-entrega-canasta-3.jpg?w=800&amp;ssl=1 800w, https:\/\/i0.wp.com\/leonescruzdelsur.cl\/wp-content\/uploads\/2025\/07\/noviembre-entrega-canasta-3.jpg?resize=768%2C768&amp;ssl=1 768w\" sizes=\"(max-width: 800px) 100vw, 800px\" \/><\/figure><\/li><li class=\"wp-block-jetpack-slideshow_slide swiper-slide\"><figure><img data-recalc-dims=\"1\" loading=\"lazy\" decoding=\"async\" width=\"800\" height=\"800\" alt=\"\" class=\"wp-block-jetpack-slideshow_image wp-image-1171\" data-id=\"1171\" src=\"https:\/\/i0.wp.com\/leonescruzdelsur.cl\/wp-content\/uploads\/2025\/07\/noviembre-entrega-canasta-2.jpg?resize=800%2C800&#038;ssl=1\" srcset=\"https:\/\/i0.wp.com\/leonescruzdelsur.cl\/wp-content\/uploads\/2025\/07\/noviembre-entrega-canasta-2.jpg?w=800&amp;ssl=1 800w, https:\/\/i0.wp.com\/leonescruzdelsur.cl\/wp-content\/uploads\/2025\/07\/noviembre-entrega-canasta-2.jpg?resize=768%2C768&amp;ssl=1 768w\" sizes=\"(max-width: 800px) 100vw, 800px\" \/><\/figure><\/li><li class=\"wp-block-jetpack-slideshow_slide swiper-slide\"><figure><img data-recalc-dims=\"1\" loading=\"lazy\" decoding=\"async\" width=\"731\" height=\"799\" alt=\"\" class=\"wp-block-jetpack-slideshow_image wp-image-1177\" data-id=\"1177\" src=\"https:\/\/i0.wp.com\/leonescruzdelsur.cl\/wp-content\/uploads\/2025\/07\/noviembre-tapitas-plasticas-2.jpg?resize=731%2C799&#038;ssl=1\"\/><\/figure><\/li><li class=\"wp-block-jetpack-slideshow_slide swiper-slide\"><figure><img data-recalc-dims=\"1\" loading=\"lazy\" decoding=\"async\" width=\"800\" height=\"800\" alt=\"\" class=\"wp-block-jetpack-slideshow_image wp-image-1170\" data-id=\"1170\" src=\"https:\/\/i0.wp.com\/leonescruzdelsur.cl\/wp-content\/uploads\/2025\/07\/noviembre-entrega-canasta-1.jpg?resize=800%2C800&#038;ssl=1\" srcset=\"https:\/\/i0.wp.com\/leonescruzdelsur.cl\/wp-content\/uploads\/2025\/07\/noviembre-entrega-canasta-1.jpg?w=800&amp;ssl=1 800w, https:\/\/i0.wp.com\/leonescruzdelsur.cl\/wp-content\/uploads\/2025\/07\/noviembre-entrega-canasta-1.jpg?resize=768%2C768&amp;ssl=1 768w\" sizes=\"(max-width: 800px) 100vw, 800px\" \/><\/figure><\/li><li class=\"wp-block-jetpack-slideshow_slide swiper-slide\"><figure><img data-recalc-dims=\"1\" loading=\"lazy\" decoding=\"async\" width=\"800\" height=\"450\" alt=\"\" class=\"wp-block-jetpack-slideshow_image wp-image-1162\" data-id=\"1162\" src=\"https:\/\/i0.wp.com\/leonescruzdelsur.cl\/wp-content\/uploads\/2025\/07\/octubre-promocion-4.webp?resize=800%2C450&#038;ssl=1\" srcset=\"https:\/\/i0.wp.com\/leonescruzdelsur.cl\/wp-content\/uploads\/2025\/07\/octubre-promocion-4.webp?w=800&amp;ssl=1 800w, https:\/\/i0.wp.com\/leonescruzdelsur.cl\/wp-content\/uploads\/2025\/07\/octubre-promocion-4.webp?resize=768%2C432&amp;ssl=1 768w\" sizes=\"(max-width: 800px) 100vw, 800px\" \/><\/figure><\/li><li class=\"wp-block-jetpack-slideshow_slide swiper-slide\"><figure><img data-recalc-dims=\"1\" loading=\"lazy\" decoding=\"async\" width=\"800\" height=\"600\" alt=\"\" class=\"wp-block-jetpack-slideshow_image wp-image-1161\" data-id=\"1161\" src=\"https:\/\/i0.wp.com\/leonescruzdelsur.cl\/wp-content\/uploads\/2025\/07\/octubre-promocion-3.webp?resize=800%2C600&#038;ssl=1\" srcset=\"https:\/\/i0.wp.com\/leonescruzdelsur.cl\/wp-content\/uploads\/2025\/07\/octubre-promocion-3.webp?w=800&amp;ssl=1 800w, https:\/\/i0.wp.com\/leonescruzdelsur.cl\/wp-content\/uploads\/2025\/07\/octubre-promocion-3.webp?resize=768%2C576&amp;ssl=1 768w\" sizes=\"(max-width: 800px) 100vw, 800px\" \/><\/figure><\/li><li class=\"wp-block-jetpack-slideshow_slide swiper-slide\"><figure><img data-recalc-dims=\"1\" loading=\"lazy\" decoding=\"async\" width=\"800\" height=\"450\" alt=\"\" class=\"wp-block-jetpack-slideshow_image wp-image-1160\" data-id=\"1160\" src=\"https:\/\/i0.wp.com\/leonescruzdelsur.cl\/wp-content\/uploads\/2025\/07\/octubre-promocion-2.webp?resize=800%2C450&#038;ssl=1\" srcset=\"https:\/\/i0.wp.com\/leonescruzdelsur.cl\/wp-content\/uploads\/2025\/07\/octubre-promocion-2.webp?w=800&amp;ssl=1 800w, https:\/\/i0.wp.com\/leonescruzdelsur.cl\/wp-content\/uploads\/2025\/07\/octubre-promocion-2.webp?resize=768%2C432&amp;ssl=1 768w\" sizes=\"(max-width: 800px) 100vw, 800px\" \/><\/figure><\/li><li class=\"wp-block-jetpack-slideshow_slide swiper-slide\"><figure><img data-recalc-dims=\"1\" loading=\"lazy\" decoding=\"async\" width=\"800\" height=\"449\" alt=\"\" class=\"wp-block-jetpack-slideshow_image wp-image-1159\" data-id=\"1159\" src=\"https:\/\/i0.wp.com\/leonescruzdelsur.cl\/wp-content\/uploads\/2025\/07\/octubre-promocion-1.webp?resize=800%2C449&#038;ssl=1\" srcset=\"https:\/\/i0.wp.com\/leonescruzdelsur.cl\/wp-content\/uploads\/2025\/07\/octubre-promocion-1.webp?w=800&amp;ssl=1 800w, https:\/\/i0.wp.com\/leonescruzdelsur.cl\/wp-content\/uploads\/2025\/07\/octubre-promocion-1.webp?resize=768%2C431&amp;ssl=1 768w\" sizes=\"(max-width: 800px) 100vw, 800px\" \/><\/figure><\/li><\/ul><a class=\"wp-block-jetpack-slideshow_button-prev swiper-button-prev swiper-button-white\" role=\"button\"><\/a><a class=\"wp-block-jetpack-slideshow_button-next swiper-button-next swiper-button-white\" role=\"button\"><\/a><a aria-label=\"Pause Slideshow\" class=\"wp-block-jetpack-slideshow_button-pause\" role=\"button\"><\/a><div class=\"wp-block-jetpack-slideshow_pagination swiper-pagination swiper-pagination-white\"><\/div><\/div><\/div>\n","protected":false},"excerpt":{"rendered":"<p>El Club de Leones Punta Arenas Cruz del Sur cuenta con un grupo humano de 33 socios, quienes d\u00eda a d\u00eda trabajan realizando diferentes servicios a la comunidad. Maritza Aguayo P\u00e9rezNibaldo Enrique \u00c1lamos CuevasSusana Alasevic PavlovFrancisco Barr\u00eda BarrientosGustavo Abel Bringas Jim\u00e9nezH\u00e9ctor Cabrera Gonz\u00e1lezGast\u00f3n Humberto Carrasco PrellerSylvia Castillo LatorreCarmen Dom\u00ednguez P\u00e9rezMagnolia Pilar Gallardo LegueSergio Marcelo Gallo [&hellip;]<\/p>\n","protected":false},"author":1,"featured_media":0,"parent":0,"menu_order":0,"comment_status":"closed","ping_status":"closed","template":"","meta":{"_eb_attr":"","footnotes":""},"class_list":["post-1266","page","type-page","status-publish","hentry"],"jetpack-related-posts":[],"jetpack_sharing_enabled":true,"_links":{"self":[{"href":"https:\/\/leonescruzdelsur.cl\/index.php\/wp-json\/wp\/v2\/pages\/1266","targetHints":{"allow":["GET"]}}],"collection":[{"href":"https:\/\/leonescruzdelsur.cl\/index.php\/wp-json\/wp\/v2\/pages"}],"about":[{"href":"https:\/\/leonescruzdelsur.cl\/index.php\/wp-json\/wp\/v2\/types\/page"}],"author":[{"embeddable":true,"href":"https:\/\/leonescruzdelsur.cl\/index.php\/wp-json\/wp\/v2\/users\/1"}],"replies":[{"embeddable":true,"href":"https:\/\/leonescruzdelsur.cl\/index.php\/wp-json\/wp\/v2\/comments?post=1266"}],"version-history":[{"count":7,"href":"https:\/\/leonescruzdelsur.cl\/index.php\/wp-json\/wp\/v2\/pages\/1266\/revisions"}],"predecessor-version":[{"id":1506,"href":"https:\/\/leonescruzdelsur.cl\/index.php\/wp-json\/wp\/v2\/pages\/1266\/revisions\/1506"}],"wp:attachment":[{"href":"https:\/\/leonescruzdelsur.cl\/index.php\/wp-json\/wp\/v2\/media?parent=1266"}],"curies":[{"name":"wp","href":"https:\/\/api.w.org\/{rel}","templated":true}]}}