{"id":23,"date":"2022-06-02T19:33:47","date_gmt":"2022-06-02T19:33:47","guid":{"rendered":"https:\/\/leonescruzdelsur.cl\/?page_id=23"},"modified":"2025-08-20T19:09:06","modified_gmt":"2025-08-20T22:09:06","slug":"conocenos","status":"publish","type":"page","link":"https:\/\/leonescruzdelsur.cl\/index.php\/conocenos\/","title":{"rendered":"Con\u00f3cenos"},"content":{"rendered":"\n<figure class=\"wp-block-image alignright size-full is-resized has-custom-border\" style=\"margin-top:var(--wp--preset--spacing--80);margin-right:12rem;margin-left:var(--wp--preset--spacing--20)\"><img data-recalc-dims=\"1\" fetchpriority=\"high\" decoding=\"async\" width=\"349\" height=\"438\" src=\"https:\/\/i0.wp.com\/leonescruzdelsur.cl\/wp-content\/uploads\/2022\/06\/img_conocenos_001.jpg?resize=349%2C438&#038;ssl=1\" alt=\"\" class=\"wp-image-24\" style=\"border-radius:10px;width:250px\" srcset=\"https:\/\/i0.wp.com\/leonescruzdelsur.cl\/wp-content\/uploads\/2022\/06\/img_conocenos_001.jpg?w=349&amp;ssl=1 349w, https:\/\/i0.wp.com\/leonescruzdelsur.cl\/wp-content\/uploads\/2022\/06\/img_conocenos_001.jpg?resize=239%2C300&amp;ssl=1 239w\" sizes=\"(max-width: 349px) 100vw, 349px\" \/><\/figure>\n\n\n\n<p class=\"has-large-font-size\">UN HOMBRE VISIONARIO<\/p>\n\n\n\n<p>En 1917, Melvin Jones, un l\u00edder de negocios de Chicago, hizo una pregunta a los socios de su club empresarial:<br>\u2014 \u00bfQu\u00e9 suceder\u00eda si todas las personas fueran m\u00e1s all\u00e1 de las cuestiones comerciales y dedicaran su talento a trabajar en beneficio de mejorar sus comunidades?<\/p>\n\n\n\n<p>El grupo en el que Jones se desempe\u00f1aba, el C\u00edrculo Comercial de Chicago, respondi\u00f3 a ese desaf\u00edo.<\/p>\n\n\n\n<p>Despu\u00e9s de ponerse en contacto con grupos similares de distintas regiones de Estados Unidos, se celebr\u00f3 una reuni\u00f3n organizativa el 7 de junio de 1917 en Chicago, Illinois. El nuevo grupo adopt\u00f3 el nombre de uno de los grupos invitados, la <em>Asociaci\u00f3n de Clubes de Leones<\/em>, y en octubre de ese a\u00f1o se celebr\u00f3 una convenci\u00f3n nacional en Dallas, Texas. En esta convenci\u00f3n se aprobaron los estatutos, los reglamentos, los objetivos y los principios \u00e9ticos de la organizaci\u00f3n.<\/p>\n\n\n\n<p>Al cabo de tres a\u00f1os, los Leones se convirtieron en una organizaci\u00f3n internacional. Casi 100 a\u00f1os despu\u00e9s, Lions Clubs International es la organizaci\u00f3n de servicio m\u00e1s importante del mundo, con 1.350.000 socios afiliados a m\u00e1s de 45.000 clubes en m\u00e1s de 200 pa\u00edses y una misma idea sencilla: mejoremos nuestras comunidades.<\/p>\n\n\n\n<div style=\"height:100px\" aria-hidden=\"true\" class=\"wp-block-spacer\"><\/div>\n\n\n\n<figure class=\"wp-block-image alignright size-full is-resized has-custom-border\" style=\"margin-top:var(--wp--preset--spacing--80);margin-right:12rem;margin-left:var(--wp--preset--spacing--20)\"><img data-recalc-dims=\"1\" decoding=\"async\" width=\"341\" height=\"361\" src=\"https:\/\/i0.wp.com\/leonescruzdelsur.cl\/wp-content\/uploads\/2022\/06\/img_conocenos_002.jpg?resize=341%2C361&#038;ssl=1\" alt=\"\" class=\"wp-image-25\" style=\"border-radius:10px;width:238px\" srcset=\"https:\/\/i0.wp.com\/leonescruzdelsur.cl\/wp-content\/uploads\/2022\/06\/img_conocenos_002.jpg?w=341&amp;ssl=1 341w, https:\/\/i0.wp.com\/leonescruzdelsur.cl\/wp-content\/uploads\/2022\/06\/img_conocenos_002.jpg?resize=283%2C300&amp;ssl=1 283w\" sizes=\"(max-width: 341px) 100vw, 341px\" \/><\/figure>\n\n\n\n<p><\/p>\n\n\n\n<p class=\"has-large-font-size\">EL LEONISMO AL SUR DEL MUNDO<\/p>\n\n\n\n<p>El 17 de junio de 1977, en Punta Arenas, Chile, bajo la administraci\u00f3n del Gobernador de Distrito \u00c1ngel Mallo Mallo, ilustre magall\u00e1nico, le\u00f3n y profesional en el \u00e1rea de la qu\u00edmica farmac\u00e9utica, nace el Club de Leones Punta Arenas Cruz del Sur. <\/p>\n\n\n\n<p>El Club de Leones Punta Arenas Cruz del Sur pertenece al Distrito T-4 Chile Austral, que abarca desde la ciudad de Lautaro hasta la Regi\u00f3n de Magallanes y Ant\u00e1rtica Chilena.<\/p>\n\n\n\n<div style=\"height:100px\" aria-hidden=\"true\" class=\"wp-block-spacer\"><\/div>\n\n\n\n<p><\/p>\n","protected":false},"excerpt":{"rendered":"<p>UN HOMBRE VISIONARIO En 1917, Melvin Jones, un l\u00edder de negocios de Chicago, hizo una pregunta a los socios de su club empresarial:\u2014 \u00bfQu\u00e9 suceder\u00eda si todas las personas fueran m\u00e1s all\u00e1 de las cuestiones comerciales y dedicaran su talento a trabajar en beneficio de mejorar sus comunidades? El grupo en el que Jones se [&hellip;]<\/p>\n","protected":false},"author":1,"featured_media":0,"parent":0,"menu_order":0,"comment_status":"closed","ping_status":"closed","template":"","meta":{"_eb_attr":"","footnotes":""},"class_list":["post-23","page","type-page","status-publish","hentry"],"jetpack-related-posts":[],"jetpack_sharing_enabled":true,"_links":{"self":[{"href":"https:\/\/leonescruzdelsur.cl\/index.php\/wp-json\/wp\/v2\/pages\/23","targetHints":{"allow":["GET"]}}],"collection":[{"href":"https:\/\/leonescruzdelsur.cl\/index.php\/wp-json\/wp\/v2\/pages"}],"about":[{"href":"https:\/\/leonescruzdelsur.cl\/index.php\/wp-json\/wp\/v2\/types\/page"}],"author":[{"embeddable":true,"href":"https:\/\/leonescruzdelsur.cl\/index.php\/wp-json\/wp\/v2\/users\/1"}],"replies":[{"embeddable":true,"href":"https:\/\/leonescruzdelsur.cl\/index.php\/wp-json\/wp\/v2\/comments?post=23"}],"version-history":[{"count":10,"href":"https:\/\/leonescruzdelsur.cl\/index.php\/wp-json\/wp\/v2\/pages\/23\/revisions"}],"predecessor-version":[{"id":1589,"href":"https:\/\/leonescruzdelsur.cl\/index.php\/wp-json\/wp\/v2\/pages\/23\/revisions\/1589"}],"wp:attachment":[{"href":"https:\/\/leonescruzdelsur.cl\/index.php\/wp-json\/wp\/v2\/media?parent=23"}],"curies":[{"name":"wp","href":"https:\/\/api.w.org\/{rel}","templated":true}]}}