{"id":270,"date":"2022-06-22T15:25:56","date_gmt":"2022-06-22T15:25:56","guid":{"rendered":"https:\/\/leonescruzdelsur.cl\/?page_id=270"},"modified":"2024-09-11T19:54:50","modified_gmt":"2024-09-11T19:54:50","slug":"comite-de-damas","status":"publish","type":"page","link":"https:\/\/leonescruzdelsur.cl\/index.php\/comite-de-damas\/","title":{"rendered":"Comit? de Damas"},"content":{"rendered":"\t\t<div data-elementor-type=\"wp-page\" data-elementor-id=\"270\" class=\"elementor elementor-270\">\n\t\t\t\t\t\t<section class=\"elementor-section elementor-top-section elementor-element elementor-element-1e5bd836 elementor-section-boxed elementor-section-height-default elementor-section-height-default\" data-id=\"1e5bd836\" data-element_type=\"section\" data-e-type=\"section\">\n\t\t\t\t\t\t<div class=\"elementor-container elementor-column-gap-default\">\n\t\t\t\t\t<div class=\"elementor-column elementor-col-100 elementor-top-column elementor-element elementor-element-3ead7604\" data-id=\"3ead7604\" data-element_type=\"column\" data-e-type=\"column\">\n\t\t\t<div class=\"elementor-widget-wrap elementor-element-populated\">\n\t\t\t\t\t\t<div class=\"elementor-element elementor-element-64acbd99 elementor-widget elementor-widget-text-editor\" data-id=\"64acbd99\" data-element_type=\"widget\" data-e-type=\"widget\" data-widget_type=\"text-editor.default\">\n\t\t\t\t<div class=\"elementor-widget-container\">\n\t\t\t\t\t\t\t\t\t\n<p>Conformado por las socias leonas de nuestro Club, quienes podr\u00e1n estar organizadas exclusivamente en un Comit\u00e9 el que goza de privilegio de manejarse por si mismo, informar cada vez que sea necesario a la Junta Directiva del Club, tanto de sus programas, de actividades, como de su movimiento administrativo y recabar autorizaci\u00f3n de la misma Directiva en toda determinaci\u00f3n cuya \u00edndole as\u00ed lo requiera.<\/p>\n\n<p>El Comit\u00e9 lo integran las socias del club, as\u00ed como las viudas de los Socios fallecidos, conservando todos los derechos y prerrogativas para la cual se requiere que cubran las normas que establece el Comit\u00e9 a sus miembros.<\/p>\n\n<p>La Directiva designada por el Comit\u00e9, estar\u00e1 presidida por las esposas del Presidente, o por quien sea elegida por votaci\u00f3n directa. Por otra parte, las funciones de secretaria y tesorera, estar\u00e1 a cargo de quien sea elegida por dicho comit\u00e9.<\/p>\n\n<p>La Directiva del Comit\u00e9 de Damas funcionar\u00e1 con tantos miembros como se estime conveniente por las propias Damas.<\/p>\n\t\t\t\t\t\t\t\t<\/div>\n\t\t\t\t<\/div>\n\t\t\t\t\t<\/div>\n\t\t<\/div>\n\t\t\t\t\t<\/div>\n\t\t<\/section>\n\t\t\t\t<section class=\"elementor-section elementor-top-section elementor-element elementor-element-1031794 elementor-section-boxed elementor-section-height-default elementor-section-height-default\" data-id=\"1031794\" data-element_type=\"section\" data-e-type=\"section\">\n\t\t\t\t\t\t<div class=\"elementor-container elementor-column-gap-default\">\n\t\t\t\t\t<div class=\"elementor-column elementor-col-100 elementor-top-column elementor-element elementor-element-f9659d7\" data-id=\"f9659d7\" data-element_type=\"column\" data-e-type=\"column\">\n\t\t\t<div class=\"elementor-widget-wrap elementor-element-populated\">\n\t\t\t\t\t\t<div class=\"elementor-element elementor-element-39dab55 elementor-widget elementor-widget-image\" data-id=\"39dab55\" data-element_type=\"widget\" data-e-type=\"widget\" data-widget_type=\"image.default\">\n\t\t\t\t<div class=\"elementor-widget-container\">\n\t\t\t\t\t\t\t\t\t\t\t\t\t\t\t<img fetchpriority=\"high\" decoding=\"async\" width=\"1600\" height=\"720\" src=\"https:\/\/i0.wp.com\/leonescruzdelsur.cl\/wp-content\/uploads\/2024\/08\/damas5.webp?fit=1600%2C720&amp;ssl=1\" class=\"attachment-large size-large wp-image-1011\" alt=\"\" srcset=\"https:\/\/i0.wp.com\/leonescruzdelsur.cl\/wp-content\/uploads\/2024\/08\/damas5.webp?w=1600&amp;ssl=1 1600w, https:\/\/i0.wp.com\/leonescruzdelsur.cl\/wp-content\/uploads\/2024\/08\/damas5.webp?resize=768%2C346&amp;ssl=1 768w, https:\/\/i0.wp.com\/leonescruzdelsur.cl\/wp-content\/uploads\/2024\/08\/damas5.webp?resize=1536%2C691&amp;ssl=1 1536w\" sizes=\"(max-width: 1000px) 100vw, 1000px\" \/>\t\t\t\t\t\t\t\t\t\t\t\t\t\t\t<\/div>\n\t\t\t\t<\/div>\n\t\t\t\t\t<\/div>\n\t\t<\/div>\n\t\t\t\t\t<\/div>\n\t\t<\/section>\n\t\t\t\t<section class=\"elementor-section elementor-top-section elementor-element elementor-element-14d5f87 elementor-section-boxed elementor-section-height-default elementor-section-height-default\" data-id=\"14d5f87\" data-element_type=\"section\" data-e-type=\"section\">\n\t\t\t\t\t\t<div class=\"elementor-container elementor-column-gap-default\">\n\t\t\t\t\t<div class=\"elementor-column elementor-col-50 elementor-top-column elementor-element elementor-element-6cbb8c8\" data-id=\"6cbb8c8\" data-element_type=\"column\" data-e-type=\"column\">\n\t\t\t<div class=\"elementor-widget-wrap elementor-element-populated\">\n\t\t\t\t\t\t<div class=\"elementor-element elementor-element-bc0b884 elementor-widget elementor-widget-image\" data-id=\"bc0b884\" data-element_type=\"widget\" data-e-type=\"widget\" data-widget_type=\"image.default\">\n\t\t\t\t<div class=\"elementor-widget-container\">\n\t\t\t\t\t\t\t\t\t\t\t\t\t\t\t<img decoding=\"async\" width=\"1280\" height=\"960\" src=\"https:\/\/i0.wp.com\/leonescruzdelsur.cl\/wp-content\/uploads\/2024\/08\/damas.webp?fit=1280%2C960&amp;ssl=1\" class=\"attachment-large size-large wp-image-1009\" alt=\"\" srcset=\"https:\/\/i0.wp.com\/leonescruzdelsur.cl\/wp-content\/uploads\/2024\/08\/damas.webp?w=1280&amp;ssl=1 1280w, https:\/\/i0.wp.com\/leonescruzdelsur.cl\/wp-content\/uploads\/2024\/08\/damas.webp?resize=768%2C576&amp;ssl=1 768w\" sizes=\"(max-width: 1000px) 100vw, 1000px\" \/>\t\t\t\t\t\t\t\t\t\t\t\t\t\t\t<\/div>\n\t\t\t\t<\/div>\n\t\t\t\t\t<\/div>\n\t\t<\/div>\n\t\t\t\t<div class=\"elementor-column elementor-col-50 elementor-top-column elementor-element elementor-element-5c03f56\" data-id=\"5c03f56\" data-element_type=\"column\" data-e-type=\"column\">\n\t\t\t<div class=\"elementor-widget-wrap elementor-element-populated\">\n\t\t\t\t\t\t<div class=\"elementor-element elementor-element-ffaecfa elementor-widget elementor-widget-image\" data-id=\"ffaecfa\" data-element_type=\"widget\" data-e-type=\"widget\" data-widget_type=\"image.default\">\n\t\t\t\t<div class=\"elementor-widget-container\">\n\t\t\t\t\t\t\t\t\t\t\t\t\t\t\t<img decoding=\"async\" width=\"1920\" height=\"1440\" src=\"https:\/\/i0.wp.com\/leonescruzdelsur.cl\/wp-content\/uploads\/2023\/08\/20230809_213007-scaled.webp?fit=1920%2C1440&amp;ssl=1\" class=\"attachment-large size-large wp-image-976\" alt=\"\" srcset=\"https:\/\/i0.wp.com\/leonescruzdelsur.cl\/wp-content\/uploads\/2023\/08\/20230809_213007-scaled.webp?w=1920&amp;ssl=1 1920w, https:\/\/i0.wp.com\/leonescruzdelsur.cl\/wp-content\/uploads\/2023\/08\/20230809_213007-scaled.webp?resize=768%2C576&amp;ssl=1 768w, https:\/\/i0.wp.com\/leonescruzdelsur.cl\/wp-content\/uploads\/2023\/08\/20230809_213007-scaled.webp?resize=1536%2C1152&amp;ssl=1 1536w\" sizes=\"(max-width: 1000px) 100vw, 1000px\" \/>\t\t\t\t\t\t\t\t\t\t\t\t\t\t\t<\/div>\n\t\t\t\t<\/div>\n\t\t\t\t<div class=\"elementor-element elementor-element-b76246a elementor-widget elementor-widget-image\" data-id=\"b76246a\" data-element_type=\"widget\" data-e-type=\"widget\" data-widget_type=\"image.default\">\n\t\t\t\t<div class=\"elementor-widget-container\">\n\t\t\t\t\t\t\t\t\t\t\t\t\t\t\t<img loading=\"lazy\" decoding=\"async\" width=\"1920\" height=\"1440\" src=\"https:\/\/i0.wp.com\/leonescruzdelsur.cl\/wp-content\/uploads\/2023\/08\/20230809_194930-scaled.webp?fit=1920%2C1440&amp;ssl=1\" class=\"attachment-large size-large wp-image-975\" alt=\"\" srcset=\"https:\/\/i0.wp.com\/leonescruzdelsur.cl\/wp-content\/uploads\/2023\/08\/20230809_194930-scaled.webp?w=1920&amp;ssl=1 1920w, https:\/\/i0.wp.com\/leonescruzdelsur.cl\/wp-content\/uploads\/2023\/08\/20230809_194930-scaled.webp?resize=768%2C576&amp;ssl=1 768w, https:\/\/i0.wp.com\/leonescruzdelsur.cl\/wp-content\/uploads\/2023\/08\/20230809_194930-scaled.webp?resize=1536%2C1152&amp;ssl=1 1536w\" sizes=\"(max-width: 1000px) 100vw, 1000px\" \/>\t\t\t\t\t\t\t\t\t\t\t\t\t\t\t<\/div>\n\t\t\t\t<\/div>\n\t\t\t\t\t<\/div>\n\t\t<\/div>\n\t\t\t\t\t<\/div>\n\t\t<\/section>\n\t\t\t\t<section class=\"elementor-section elementor-top-section elementor-element elementor-element-19b1b1f elementor-section-boxed elementor-section-height-default elementor-section-height-default\" data-id=\"19b1b1f\" data-element_type=\"section\" data-e-type=\"section\">\n\t\t\t\t\t\t<div class=\"elementor-container elementor-column-gap-default\">\n\t\t\t\t\t<div class=\"elementor-column elementor-col-100 elementor-top-column elementor-element elementor-element-2c1e960\" data-id=\"2c1e960\" data-element_type=\"column\" data-e-type=\"column\">\n\t\t\t<div class=\"elementor-widget-wrap elementor-element-populated\">\n\t\t\t\t\t\t<div class=\"elementor-element elementor-element-72ab91f elementor-widget elementor-widget-image\" data-id=\"72ab91f\" data-element_type=\"widget\" data-e-type=\"widget\" data-widget_type=\"image.default\">\n\t\t\t\t<div class=\"elementor-widget-container\">\n\t\t\t\t\t\t\t\t\t\t\t\t\t\t\t<img loading=\"lazy\" decoding=\"async\" width=\"1600\" height=\"1200\" src=\"https:\/\/i0.wp.com\/leonescruzdelsur.cl\/wp-content\/uploads\/2024\/08\/damas4.webp?fit=1600%2C1200&amp;ssl=1\" class=\"attachment-large size-large wp-image-1010\" alt=\"\" srcset=\"https:\/\/i0.wp.com\/leonescruzdelsur.cl\/wp-content\/uploads\/2024\/08\/damas4.webp?w=1600&amp;ssl=1 1600w, https:\/\/i0.wp.com\/leonescruzdelsur.cl\/wp-content\/uploads\/2024\/08\/damas4.webp?resize=768%2C576&amp;ssl=1 768w, https:\/\/i0.wp.com\/leonescruzdelsur.cl\/wp-content\/uploads\/2024\/08\/damas4.webp?resize=1536%2C1152&amp;ssl=1 1536w\" sizes=\"(max-width: 1000px) 100vw, 1000px\" \/>\t\t\t\t\t\t\t\t\t\t\t\t\t\t\t<\/div>\n\t\t\t\t<\/div>\n\t\t\t\t\t<\/div>\n\t\t<\/div>\n\t\t\t\t\t<\/div>\n\t\t<\/section>\n\t\t\t\t<\/div>\n\t\t","protected":false},"excerpt":{"rendered":"<p>Conformado por las socias leonas de nuestro Club, quienes podr?n estar organizadas exclusivamente en un Comit? el que goza de privilegio de manejarse por si mismo, informar cada vez que sea necesario a la Junta Directiva del Club, tanto de sus programas, de actividades, como de su movimiento administrativo y recabar autorizaci?n de la misma [&hellip;]<\/p>\n","protected":false},"author":1,"featured_media":0,"parent":0,"menu_order":0,"comment_status":"closed","ping_status":"closed","template":"","meta":{"_eb_attr":"","footnotes":""},"class_list":["post-270","page","type-page","status-publish","hentry"],"jetpack-related-posts":[],"jetpack_sharing_enabled":true,"_links":{"self":[{"href":"https:\/\/leonescruzdelsur.cl\/index.php\/wp-json\/wp\/v2\/pages\/270","targetHints":{"allow":["GET"]}}],"collection":[{"href":"https:\/\/leonescruzdelsur.cl\/index.php\/wp-json\/wp\/v2\/pages"}],"about":[{"href":"https:\/\/leonescruzdelsur.cl\/index.php\/wp-json\/wp\/v2\/types\/page"}],"author":[{"embeddable":true,"href":"https:\/\/leonescruzdelsur.cl\/index.php\/wp-json\/wp\/v2\/users\/1"}],"replies":[{"embeddable":true,"href":"https:\/\/leonescruzdelsur.cl\/index.php\/wp-json\/wp\/v2\/comments?post=270"}],"version-history":[{"count":25,"href":"https:\/\/leonescruzdelsur.cl\/index.php\/wp-json\/wp\/v2\/pages\/270\/revisions"}],"predecessor-version":[{"id":1067,"href":"https:\/\/leonescruzdelsur.cl\/index.php\/wp-json\/wp\/v2\/pages\/270\/revisions\/1067"}],"wp:attachment":[{"href":"https:\/\/leonescruzdelsur.cl\/index.php\/wp-json\/wp\/v2\/media?parent=270"}],"curies":[{"name":"wp","href":"https:\/\/api.w.org\/{rel}","templated":true}]}}